{"id":111,"date":"2023-10-16T11:06:56","date_gmt":"2023-10-16T09:06:56","guid":{"rendered":"https:\/\/aureliedorleac.fr\/?page_id=111"},"modified":"2023-10-16T22:32:50","modified_gmt":"2023-10-16T20:32:50","slug":"naturopathie","status":"publish","type":"page","link":"https:\/\/aureliedorleac.fr\/index.php\/naturopathie\/","title":{"rendered":"Naturopathie"},"content":{"rendered":"\n<p>Beaucoup d\u2019entre vous se questionnent sur la naturopathie. En effet, l\u2019\u00e9volution des consciences et le sentiment g\u00e9n\u00e9ral de devoir revenir \u00e0 une hygi\u00e8ne de vie plus saine et sereine, nous poussent vers des pratiques de sant\u00e9 plus naturelles.<\/p>\n\n\n\n<p>Mais alors en quoi la naturopathie peut-elle vous aider dans ce chemin que vous avez entrepris pour regagner en vitalit\u00e9 et en sant\u00e9 ?<\/p>\n\n\n\n<p>La naturopathie fran\u00e7aise trouve ses sources en Gr\u00e8ce antique tout comme la m\u00e9decine allopathique que nous connaissons davantage. C\u2019est en suivant les pr\u00e9ceptes d\u2019Hippocrate que cette discipline s\u2019est d\u00e9velopp\u00e9e.<\/p>\n\n\n\n<p>Celle-ci regroupe plusieurs pratiques visant \u00e0 aider l\u2019organisme \u00e0 gu\u00e9rir par lui-m\u00eame. En effet, elle repose sur la th\u00e9orie selon laquelle chaque individu poss\u00e8de une force vitale pouvant lui permettre de se d\u00e9fendre et gu\u00e9rir spontan\u00e9ment.<\/p>\n\n\n\n<p>Cette force vitale peut \u00eatre affaiblie au cours de notre existence pour diff\u00e9rentes raisons (environnement personnel, professionnel, stress&#8230;). De ce fait, dans son r\u00f4le pr\u00e9ventif, la naturopathie s\u2019attachera \u00e0 coordonner nos fonctions vitales et \u00e0 optimiser notre immunit\u00e9 naturelle.<\/p>\n\n\n\n<p>Son approche est dite holistique, c\u2019est \u00e0 dire qu\u2019elle appr\u00e9hende l\u2019individu dans sa globalit\u00e9 (physique, \u00e9motionnel, psychique et \u00e9nerg\u00e9tique).<\/p>\n\n\n\n<p>De plus, en tant que philosophie de vie, la naturopathie ne cherche pas uniquement \u00e0 soigner et\/ou soulager des sympt\u00f4mes mais aussi \u00e0 en comprendre et \u00e0 en gu\u00e9rir les causes, \u00e0 les pr\u00e9venir et surtout \u00e0 enseigner une hygi\u00e8ne de vie adapt\u00e9e \u00e0 chacun. Ceci vous permettra \u00e0 l\u2019avenir d\u2019\u00eatre moins affect\u00e9 par de futures difficult\u00e9s.<\/p>\n\n\n\n<p>Dans cette d\u00e9marche vous deviendrez l\u2019acteur principal de votre sant\u00e9 et serez autonome pour la pr\u00e9server, le naturopathe agissant en \u00e9ducateur de sant\u00e9.<\/p>\n\n\n\n<div style=\"height:100px\" aria-hidden=\"true\" class=\"wp-block-spacer\"><\/div>\n\n\n\n<div class=\"wp-block-media-text is-stacked-on-mobile\" style=\"grid-template-columns:36% auto\"><figure class=\"wp-block-media-text__media\"><img loading=\"lazy\" decoding=\"async\" width=\"1024\" height=\"858\" src=\"https:\/\/aureliedorleac.fr\/wp-content\/uploads\/2023\/10\/Design-sans-titre-1-1-1024x858.png\" alt=\"\" class=\"wp-image-234 size-full\" srcset=\"https:\/\/aureliedorleac.fr\/wp-content\/uploads\/2023\/10\/Design-sans-titre-1-1-1024x858.png 1024w, https:\/\/aureliedorleac.fr\/wp-content\/uploads\/2023\/10\/Design-sans-titre-1-1-300x251.png 300w, https:\/\/aureliedorleac.fr\/wp-content\/uploads\/2023\/10\/Design-sans-titre-1-1-768x644.png 768w, https:\/\/aureliedorleac.fr\/wp-content\/uploads\/2023\/10\/Design-sans-titre-1-1-72x60.png 72w, https:\/\/aureliedorleac.fr\/wp-content\/uploads\/2023\/10\/Design-sans-titre-1-1.png 1175w\" sizes=\"auto, (max-width: 1024px) 100vw, 1024px\" \/><\/figure><div class=\"wp-block-media-text__content\">\n<p class=\"has-text-align-center has-large-font-size\">La naturopathie repose sur 5 grands principes <\/p>\n\n\n\n<p><\/p>\n\n\n\n<p><\/p>\n<\/div><\/div>\n\n\n\n<div style=\"height:100px\" aria-hidden=\"true\" class=\"wp-block-spacer\"><\/div>\n\n\n\n<p class=\"has-medium-font-size\"><mark style=\"background-color:rgba(0, 0, 0, 0)\" class=\"has-inline-color has-luminous-vivid-orange-color\">Holisme:<\/mark><\/p>\n\n\n\n<p>La naturopathie s&#8217;int\u00e9resse \u00e0 l&#8217;Homme dans   sa globalit\u00e9 et sur tous les plans: physique, physiologique, \u00e9motionnel, mental, spirituel, \u00e9cologique et \u00e9nerg\u00e9tique. La sant\u00e9 est alors l&#8217;\u00e9quilibre entre toutes ces dimensions. La naturopathie va rechercher son maintien gr\u00e2ce aux diff\u00e9rentes approches.<\/p>\n\n\n\n<p class=\"has-medium-font-size\"> <mark style=\"background-color:rgba(0, 0, 0, 0)\" class=\"has-inline-color has-luminous-vivid-orange-color\">Causalisme:<\/mark><\/p>\n\n\n\n<p>La naturopathie ne s&#8217;arr\u00eate pas aux sympt\u00f4mes. Elle recherche dans une d\u00e9marche globale \u00e0 comprendre les causes qui entrainent un dysfonctionnement.<\/p>\n\n\n\n<p class=\"has-medium-font-size\"><mark style=\"background-color:rgba(0, 0, 0, 0)\" class=\"has-inline-color has-luminous-vivid-orange-color\">Vitalisme:<\/mark><\/p>\n\n\n\n<p>La naturopathie repose sur le principe d&#8217;autogu\u00e9rison de notre corps. Elle cherche \u00e0 stimuler la &#8220;force vitale&#8221; afin qu&#8217;elle corrige les dysfonctionnements.<\/p>\n\n\n\n<p class=\"has-medium-font-size\"><mark style=\"background-color:rgba(0, 0, 0, 0)\" class=\"has-inline-color has-luminous-vivid-orange-color\">Humorisme:<\/mark><\/p>\n\n\n\n<p>Chacun d&#8217;entre nous est constitu\u00e9 de liquides (sang, lymphe, liquide intra et extra cellulaire) qui circulent dans notre organisme pour alimenter les cellules, organes et tissus, mais aussi pour \u00e9vacuer les d\u00e9chets produits. Ces liquides sont appel\u00e9s &#8220;les humeurs&#8221;, qui repr\u00e9sentent notre milieu int\u00e9rieur. Il peut-\u00eatre perturb\u00e9 de diff\u00e9rentes mani\u00e8res par surcharge, par d\u00e9faut de circulation et entra\u00eenera un d\u00e9s\u00e9quilibre dans le bon fonctionnement de notre organisme.<\/p>\n\n\n\n<p class=\"has-medium-font-size\"><mark style=\"background-color:rgba(0, 0, 0, 0)\" class=\"has-inline-color has-luminous-vivid-orange-color\">Hygi\u00e8nisme:<\/mark><\/p>\n\n\n\n<p>Il s&#8217;agit de la d\u00e9marche personnalis\u00e9e \u00e0 chaque individu pour promouvoir l&#8217;\u00e9quilibre de la force vitale en int\u00e9grant des habitudes de vie b\u00e9n\u00e9fiques \u00e0 la sant\u00e9 et au bien-\u00eatre.<\/p>\n","protected":false},"excerpt":{"rendered":"<p>Beaucoup d\u2019entre vous se questionnent sur la naturopathie. En effet, l\u2019\u00e9volution des consciences et le sentiment g\u00e9n\u00e9ral de devoir revenir \u00e0 une hygi\u00e8ne de vie plus saine et sereine, nous poussent vers des pratiques de sant\u00e9 plus naturelles. Mais alors en quoi la naturopathie peut-elle vous aider dans ce chemin que vous avez entrepris pour &hellip; <\/p>\n","protected":false},"author":1,"featured_media":51,"parent":0,"menu_order":0,"comment_status":"closed","ping_status":"closed","template":"","meta":{"footnotes":""},"class_list":["post-111","page","type-page","status-publish","has-post-thumbnail","hentry"],"_links":{"self":[{"href":"https:\/\/aureliedorleac.fr\/index.php\/wp-json\/wp\/v2\/pages\/111","targetHints":{"allow":["GET"]}}],"collection":[{"href":"https:\/\/aureliedorleac.fr\/index.php\/wp-json\/wp\/v2\/pages"}],"about":[{"href":"https:\/\/aureliedorleac.fr\/index.php\/wp-json\/wp\/v2\/types\/page"}],"author":[{"embeddable":true,"href":"https:\/\/aureliedorleac.fr\/index.php\/wp-json\/wp\/v2\/users\/1"}],"replies":[{"embeddable":true,"href":"https:\/\/aureliedorleac.fr\/index.php\/wp-json\/wp\/v2\/comments?post=111"}],"version-history":[{"count":17,"href":"https:\/\/aureliedorleac.fr\/index.php\/wp-json\/wp\/v2\/pages\/111\/revisions"}],"predecessor-version":[{"id":286,"href":"https:\/\/aureliedorleac.fr\/index.php\/wp-json\/wp\/v2\/pages\/111\/revisions\/286"}],"wp:featuredmedia":[{"embeddable":true,"href":"https:\/\/aureliedorleac.fr\/index.php\/wp-json\/wp\/v2\/media\/51"}],"wp:attachment":[{"href":"https:\/\/aureliedorleac.fr\/index.php\/wp-json\/wp\/v2\/media?parent=111"}],"curies":[{"name":"wp","href":"https:\/\/api.w.org\/{rel}","templated":true}]}}