{"id":117,"date":"2023-10-16T11:09:22","date_gmt":"2023-10-16T09:09:22","guid":{"rendered":"https:\/\/aureliedorleac.fr\/?page_id=117"},"modified":"2023-10-16T22:27:48","modified_gmt":"2023-10-16T20:27:48","slug":"prestations","status":"publish","type":"page","link":"https:\/\/aureliedorleac.fr\/index.php\/prestations\/","title":{"rendered":"Les consultations"},"content":{"rendered":"\n<div class=\"wp-block-media-text is-stacked-on-mobile\" style=\"grid-template-columns:27% auto\"><figure class=\"wp-block-media-text__media\"><img loading=\"lazy\" decoding=\"async\" width=\"1024\" height=\"858\" src=\"https:\/\/aureliedorleac.fr\/wp-content\/uploads\/2023\/10\/Design-sans-titre-3-1024x858.png\" alt=\"\" class=\"wp-image-252 size-full\" srcset=\"https:\/\/aureliedorleac.fr\/wp-content\/uploads\/2023\/10\/Design-sans-titre-3-1024x858.png 1024w, https:\/\/aureliedorleac.fr\/wp-content\/uploads\/2023\/10\/Design-sans-titre-3-300x251.png 300w, https:\/\/aureliedorleac.fr\/wp-content\/uploads\/2023\/10\/Design-sans-titre-3-768x644.png 768w, https:\/\/aureliedorleac.fr\/wp-content\/uploads\/2023\/10\/Design-sans-titre-3-72x60.png 72w, https:\/\/aureliedorleac.fr\/wp-content\/uploads\/2023\/10\/Design-sans-titre-3.png 1175w\" sizes=\"auto, (max-width: 1024px) 100vw, 1024px\" \/><\/figure><div class=\"wp-block-media-text__content\">\n<p class=\"has-medium-font-size\"><mark style=\"background-color:rgba(0, 0, 0, 0)\" class=\"has-inline-color has-light-green-cyan-color\">La premi\u00e8re consultation:<\/mark><\/p>\n\n\n\n<p>Afin de pr\u00e9parer au mieux cette premi\u00e8re rencontre, je vous envoie une semaine avant le rdv un questionnaire \u00e0 remplir qui me permettra de le pr\u00e9parer mais aussi de vous demander parfois des donn\u00e9es sp\u00e9cifiques \u00e0 votre probl\u00e9matique. Le rendez vous n&#8217;en sera que plus b\u00e9n\u00e9fique.<\/p>\n\n\n\n<p>Elle dure au minimum 1h30, temps indispensable pour envisager ensemble les diff\u00e9rentes facettes de votre besoin et pr\u00e9parer votre programme d&#8217;hygi\u00e8ne vitale (PHV) qui vous sera propos\u00e9.<\/p>\n\n\n\n<p>Ce programme sera personnalis\u00e9 et adapt\u00e9 \u00e0 vos possibilit\u00e9s. Le but \u00e9tant que les propositions soient envisageables et applicables, vous laissant acteur de votre sant\u00e9.<\/p>\n<\/div><\/div>\n\n\n\n<div style=\"height:100px\" aria-hidden=\"true\" class=\"wp-block-spacer\"><\/div>\n\n\n\n<div class=\"wp-block-media-text is-stacked-on-mobile\" style=\"grid-template-columns:27% auto\"><figure class=\"wp-block-media-text__media\"><img loading=\"lazy\" decoding=\"async\" width=\"1024\" height=\"858\" src=\"https:\/\/aureliedorleac.fr\/wp-content\/uploads\/2023\/10\/Design-sans-titre-5-1024x858.png\" alt=\"\" class=\"wp-image-278 size-full\" srcset=\"https:\/\/aureliedorleac.fr\/wp-content\/uploads\/2023\/10\/Design-sans-titre-5-1024x858.png 1024w, https:\/\/aureliedorleac.fr\/wp-content\/uploads\/2023\/10\/Design-sans-titre-5-300x251.png 300w, https:\/\/aureliedorleac.fr\/wp-content\/uploads\/2023\/10\/Design-sans-titre-5-768x644.png 768w, https:\/\/aureliedorleac.fr\/wp-content\/uploads\/2023\/10\/Design-sans-titre-5-72x60.png 72w, https:\/\/aureliedorleac.fr\/wp-content\/uploads\/2023\/10\/Design-sans-titre-5.png 1175w\" sizes=\"auto, (max-width: 1024px) 100vw, 1024px\" \/><\/figure><div class=\"wp-block-media-text__content\">\n<p class=\"has-medium-font-size\"><mark style=\"background-color:rgba(0, 0, 0, 0)\" class=\"has-inline-color has-light-green-cyan-color\">Les consultations de suivi:<\/mark><\/p>\n\n\n\n<p>Le suivi se r\u00e9alise sur 3 mois avec une consultation tous les mois au mieux. Celle ci dure environ 1h00 et permet de faire un point sur l&#8217;\u00e9volution de votre situation et d&#8217;adapter si besoin les conseils prodigu\u00e9s. <\/p>\n\n\n\n<p>Elles permettent \u00e9galement de continuer d&#8217;avancer ensemble sur l&#8217;objectif fix\u00e9 en amont.<\/p>\n<\/div><\/div>\n\n\n\n<div style=\"height:100px\" aria-hidden=\"true\" class=\"wp-block-spacer\"><\/div>\n\n\n\n<p class=\"has-text-align-center has-medium-font-size\">Entre ces rendez-vous, vous avez la possibilit\u00e9 de me contacter \u00e0 tout moment sur Whatsapp pour que je puisse vous accompagner et r\u00e9pondre \u00e0 vos questions.<\/p>\n","protected":false},"excerpt":{"rendered":"<p>La premi\u00e8re consultation: Afin de pr\u00e9parer au mieux cette premi\u00e8re rencontre, je vous envoie une semaine avant le rdv un questionnaire \u00e0 remplir qui me permettra de le pr\u00e9parer mais aussi de vous demander parfois des donn\u00e9es sp\u00e9cifiques \u00e0 votre probl\u00e9matique. Le rendez vous n&#8217;en sera que plus b\u00e9n\u00e9fique. Elle dure au minimum 1h30, temps &hellip; <\/p>\n","protected":false},"author":1,"featured_media":51,"parent":0,"menu_order":0,"comment_status":"closed","ping_status":"closed","template":"","meta":{"footnotes":""},"class_list":["post-117","page","type-page","status-publish","has-post-thumbnail","hentry"],"_links":{"self":[{"href":"https:\/\/aureliedorleac.fr\/index.php\/wp-json\/wp\/v2\/pages\/117","targetHints":{"allow":["GET"]}}],"collection":[{"href":"https:\/\/aureliedorleac.fr\/index.php\/wp-json\/wp\/v2\/pages"}],"about":[{"href":"https:\/\/aureliedorleac.fr\/index.php\/wp-json\/wp\/v2\/types\/page"}],"author":[{"embeddable":true,"href":"https:\/\/aureliedorleac.fr\/index.php\/wp-json\/wp\/v2\/users\/1"}],"replies":[{"embeddable":true,"href":"https:\/\/aureliedorleac.fr\/index.php\/wp-json\/wp\/v2\/comments?post=117"}],"version-history":[{"count":9,"href":"https:\/\/aureliedorleac.fr\/index.php\/wp-json\/wp\/v2\/pages\/117\/revisions"}],"predecessor-version":[{"id":282,"href":"https:\/\/aureliedorleac.fr\/index.php\/wp-json\/wp\/v2\/pages\/117\/revisions\/282"}],"wp:featuredmedia":[{"embeddable":true,"href":"https:\/\/aureliedorleac.fr\/index.php\/wp-json\/wp\/v2\/media\/51"}],"wp:attachment":[{"href":"https:\/\/aureliedorleac.fr\/index.php\/wp-json\/wp\/v2\/media?parent=117"}],"curies":[{"name":"wp","href":"https:\/\/api.w.org\/{rel}","templated":true}]}}