{"id":2,"date":"2023-09-26T16:40:22","date_gmt":"2023-09-26T14:40:22","guid":{"rendered":"http:\/\/aureliedorleac.fr\/?page_id=2"},"modified":"2023-10-19T21:19:22","modified_gmt":"2023-10-19T19:19:22","slug":"page-d-exemple","status":"publish","type":"page","link":"https:\/\/aureliedorleac.fr\/index.php\/page-d-exemple\/","title":{"rendered":"Qui suis-je ?"},"content":{"rendered":"\n<div class=\"wp-block-media-text is-stacked-on-mobile is-vertically-aligned-center\" style=\"grid-template-columns:39% auto\"><figure class=\"wp-block-media-text__media\"><img loading=\"lazy\" decoding=\"async\" width=\"769\" height=\"1024\" src=\"https:\/\/aureliedorleac.fr\/wp-content\/uploads\/2023\/10\/IMG_2668-1-769x1024.jpg\" alt=\"\" class=\"wp-image-387 size-full\" srcset=\"https:\/\/aureliedorleac.fr\/wp-content\/uploads\/2023\/10\/IMG_2668-1-769x1024.jpg 769w, https:\/\/aureliedorleac.fr\/wp-content\/uploads\/2023\/10\/IMG_2668-1-225x300.jpg 225w, https:\/\/aureliedorleac.fr\/wp-content\/uploads\/2023\/10\/IMG_2668-1-768x1022.jpg 768w, https:\/\/aureliedorleac.fr\/wp-content\/uploads\/2023\/10\/IMG_2668-1-1154x1536.jpg 1154w, https:\/\/aureliedorleac.fr\/wp-content\/uploads\/2023\/10\/IMG_2668-1-45x60.jpg 45w, https:\/\/aureliedorleac.fr\/wp-content\/uploads\/2023\/10\/IMG_2668-1.jpg 1160w\" sizes=\"auto, (max-width: 769px) 100vw, 769px\" \/><\/figure><div class=\"wp-block-media-text__content\">\n<p>Je ne me suis pas lev\u00e9e un matin en ayant une r\u00e9v\u00e9lation et me disant &#8220;la naturopathie est mon \u00e9vidence&#8221;.<\/p>\n\n\n\n<p>Non, j&#8217;ai d&#8217;abord fait le choix de prendre soin des autres en exer\u00e7ant le m\u00e9tier d&#8217;infirmi\u00e8re durant de nombreuses ann\u00e9es et de diff\u00e9rentes mani\u00e8res (hospitali\u00e8re, \u00e0 domicile, en tant que cadre infirmier).<\/p>\n\n\n\n<p>Ce m\u00e9tier, je l&#8217;ai exerc\u00e9 avec passion, d\u00e9vouement et avec l&#8217;exigence de le faire dans le respect des patients et de leurs accompagnants.<\/p>\n<\/div><\/div>\n\n\n\n<div style=\"height:60px\" aria-hidden=\"true\" class=\"wp-block-spacer\"><\/div>\n\n\n\n<p><\/p>\n\n\n\n<div class=\"wp-block-media-text has-media-on-the-right is-stacked-on-mobile\" style=\"grid-template-columns:auto 48%\"><div class=\"wp-block-media-text__content\">\n<p><\/p>\n\n\n\n<p class=\"has-text-align-left\">Au fur et \u00e0  mesure, un \u00e9cart a commenc\u00e9 \u00e0 se creuser entre mes valeurs et la r\u00e9alit\u00e9 du terrain. Je ne me retrouvais plus en tant que soignant dans les prises en charge.<\/p>\n\n\n\n<p>Apr\u00e8s avoir atteint le point de non retour et v\u00e9cu un burnout, j&#8217;ai compris enfin quel chemin je devais suivre en me faisant accompagner dans cette \u00e9preuve par un naturopathe.<\/p>\n\n\n\n<p><\/p>\n<\/div><figure class=\"wp-block-media-text__media\"><img loading=\"lazy\" decoding=\"async\" width=\"1024\" height=\"858\" src=\"https:\/\/aureliedorleac.fr\/wp-content\/uploads\/2023\/10\/Design-sans-titre-1-1024x858.png\" alt=\"\" class=\"wp-image-178 size-full\" srcset=\"https:\/\/aureliedorleac.fr\/wp-content\/uploads\/2023\/10\/Design-sans-titre-1-1024x858.png 1024w, https:\/\/aureliedorleac.fr\/wp-content\/uploads\/2023\/10\/Design-sans-titre-1-300x251.png 300w, https:\/\/aureliedorleac.fr\/wp-content\/uploads\/2023\/10\/Design-sans-titre-1-768x644.png 768w, https:\/\/aureliedorleac.fr\/wp-content\/uploads\/2023\/10\/Design-sans-titre-1-72x60.png 72w, https:\/\/aureliedorleac.fr\/wp-content\/uploads\/2023\/10\/Design-sans-titre-1.png 1175w\" sizes=\"auto, (max-width: 1024px) 100vw, 1024px\" \/><\/figure><\/div>\n\n\n\n<div style=\"height:60px\" aria-hidden=\"true\" class=\"wp-block-spacer\"><\/div>\n\n\n\n<blockquote class=\"wp-block-quote is-layout-flow wp-block-quote-is-layout-flow\">\n<p><\/p>\n<\/blockquote>\n\n\n\n<p><cite>J&#8217;ai eu la chance de d\u00e9couvrir cette approche de la sant\u00e9 par ma propre exp\u00e9rience, chanceuse d&#8217;avoir crois\u00e9 des naturopathes bienveillants qui m&#8217;ont aid\u00e9e \u00e0 me reconnecter \u00e0 moi-m\u00eame.<br>J&#8217;ai r\u00e9alis\u00e9 que la sant\u00e9 ne devait pas \u00eatre morcel\u00e9e. En effet, le corps, l&#8217;esprit et l&#8217;\u00e2me doivent vibrer \u00e0 l&#8217;unisson pour vivre de mani\u00e8re harmonieuse et \u00e9quilibr\u00e9e.<\/cite><\/p>\n\n\n\n<blockquote class=\"wp-block-quote is-layout-flow wp-block-quote-is-layout-flow\">\n<div style=\"height:60px\" aria-hidden=\"true\" class=\"wp-block-spacer\"><\/div>\n<\/blockquote>\n\n\n\n<div class=\"wp-block-media-text is-stacked-on-mobile\"><figure class=\"wp-block-media-text__media\"><img loading=\"lazy\" decoding=\"async\" width=\"1024\" height=\"858\" src=\"http:\/\/aureliedorleac.fr\/wp-content\/uploads\/2023\/10\/Design-sans-titre-1024x858.png\" alt=\"\" class=\"wp-image-176 size-full\" srcset=\"https:\/\/aureliedorleac.fr\/wp-content\/uploads\/2023\/10\/Design-sans-titre-1024x858.png 1024w, https:\/\/aureliedorleac.fr\/wp-content\/uploads\/2023\/10\/Design-sans-titre-300x251.png 300w, https:\/\/aureliedorleac.fr\/wp-content\/uploads\/2023\/10\/Design-sans-titre-768x644.png 768w, https:\/\/aureliedorleac.fr\/wp-content\/uploads\/2023\/10\/Design-sans-titre-72x60.png 72w, https:\/\/aureliedorleac.fr\/wp-content\/uploads\/2023\/10\/Design-sans-titre.png 1175w\" sizes=\"auto, (max-width: 1024px) 100vw, 1024px\" \/><\/figure><div class=\"wp-block-media-text__content\">\n<p>J&#8217;ai fait le choix de suivre ma formation de praticienne en naturopathie par le biais de l&#8217;\u00e9cole Educatel r\u00e9f\u00e9renc\u00e9e par le SPN (Syndicat des Praticiens de la Naturopathie) et certifi\u00e9e Qualiopi.<\/p>\n\n\n\n<p>Je continue chaque jour \u00e0 me former et \u00e0 apprendre, pour vous offrir une prise en charge qualitative et \u00e0 la hauteur de votre confiance.<\/p>\n<\/div><\/div>\n","protected":false},"excerpt":{"rendered":"<p>Je ne me suis pas lev\u00e9e un matin en ayant une r\u00e9v\u00e9lation et me disant &#8220;la naturopathie est mon \u00e9vidence&#8221;. Non, j&#8217;ai d&#8217;abord fait le choix de prendre soin des autres en exer\u00e7ant le m\u00e9tier d&#8217;infirmi\u00e8re durant de nombreuses ann\u00e9es et de diff\u00e9rentes mani\u00e8res (hospitali\u00e8re, \u00e0 domicile, en tant que cadre infirmier). Ce m\u00e9tier, je &hellip; <\/p>\n","protected":false},"author":1,"featured_media":51,"parent":0,"menu_order":0,"comment_status":"closed","ping_status":"open","template":"","meta":{"footnotes":""},"class_list":["post-2","page","type-page","status-publish","has-post-thumbnail","hentry"],"_links":{"self":[{"href":"https:\/\/aureliedorleac.fr\/index.php\/wp-json\/wp\/v2\/pages\/2","targetHints":{"allow":["GET"]}}],"collection":[{"href":"https:\/\/aureliedorleac.fr\/index.php\/wp-json\/wp\/v2\/pages"}],"about":[{"href":"https:\/\/aureliedorleac.fr\/index.php\/wp-json\/wp\/v2\/types\/page"}],"author":[{"embeddable":true,"href":"https:\/\/aureliedorleac.fr\/index.php\/wp-json\/wp\/v2\/users\/1"}],"replies":[{"embeddable":true,"href":"https:\/\/aureliedorleac.fr\/index.php\/wp-json\/wp\/v2\/comments?post=2"}],"version-history":[{"count":64,"href":"https:\/\/aureliedorleac.fr\/index.php\/wp-json\/wp\/v2\/pages\/2\/revisions"}],"predecessor-version":[{"id":398,"href":"https:\/\/aureliedorleac.fr\/index.php\/wp-json\/wp\/v2\/pages\/2\/revisions\/398"}],"wp:featuredmedia":[{"embeddable":true,"href":"https:\/\/aureliedorleac.fr\/index.php\/wp-json\/wp\/v2\/media\/51"}],"wp:attachment":[{"href":"https:\/\/aureliedorleac.fr\/index.php\/wp-json\/wp\/v2\/media?parent=2"}],"curies":[{"name":"wp","href":"https:\/\/api.w.org\/{rel}","templated":true}]}}