{"id":265,"date":"2023-10-16T21:37:21","date_gmt":"2023-10-16T19:37:21","guid":{"rendered":"https:\/\/aureliedorleac.fr\/?page_id=265"},"modified":"2023-10-19T21:36:16","modified_gmt":"2023-10-19T19:36:16","slug":"questionnaire","status":"publish","type":"page","link":"https:\/\/aureliedorleac.fr\/index.php\/questionnaire\/","title":{"rendered":"Le questionnaire"},"content":{"rendered":"\n<p class=\"has-medium-font-size\"><mark style=\"background-color:rgba(0, 0, 0, 0)\" class=\"has-inline-color has-light-green-cyan-color\">Qu&#8217;est ce qu&#8217;un questionnaire approfondi et pourquoi?<\/mark><\/p>\n\n\n\n<div class=\"wp-block-media-text is-stacked-on-mobile\" style=\"grid-template-columns:15% auto\"><figure class=\"wp-block-media-text__media\"><img loading=\"lazy\" decoding=\"async\" width=\"1024\" height=\"858\" src=\"https:\/\/aureliedorleac.fr\/wp-content\/uploads\/2023\/10\/Design-sans-titre-4-1024x858.png\" alt=\"\" class=\"wp-image-269 size-full\" srcset=\"https:\/\/aureliedorleac.fr\/wp-content\/uploads\/2023\/10\/Design-sans-titre-4-1024x858.png 1024w, https:\/\/aureliedorleac.fr\/wp-content\/uploads\/2023\/10\/Design-sans-titre-4-300x251.png 300w, https:\/\/aureliedorleac.fr\/wp-content\/uploads\/2023\/10\/Design-sans-titre-4-768x644.png 768w, https:\/\/aureliedorleac.fr\/wp-content\/uploads\/2023\/10\/Design-sans-titre-4-72x60.png 72w, https:\/\/aureliedorleac.fr\/wp-content\/uploads\/2023\/10\/Design-sans-titre-4.png 1175w\" sizes=\"auto, (max-width: 1024px) 100vw, 1024px\" \/><\/figure><div class=\"wp-block-media-text__content\">\n<p>Il va reprendre des questions relatives \u00e0 votre fa\u00e7on de vivre mais aussi la mani\u00e8re dont votre corps fonctionne, ceci dans le but d&#8217;avoir un regard \u00e9clair\u00e9 sur vos forces et vos faiblesses.<\/p>\n\n\n\n<p>R\u00e9pondre \u00e0 toutes les questions est primordial. Vous pouvez le faire sans inqui\u00e9tude, il n&#8217;y a pas de bonnes ou de mauvaises r\u00e9ponses. La lecture se fera dans la bienveillance et le respect.<\/p>\n<\/div><\/div>\n","protected":false},"excerpt":{"rendered":"<p>Qu&#8217;est ce qu&#8217;un questionnaire approfondi et pourquoi? Il va reprendre des questions relatives \u00e0 votre fa\u00e7on de vivre mais aussi la mani\u00e8re dont votre corps fonctionne, ceci dans le but d&#8217;avoir un regard \u00e9clair\u00e9 sur vos forces et vos faiblesses. R\u00e9pondre \u00e0 toutes les questions est primordial. Vous pouvez le faire sans inqui\u00e9tude, il n&#8217;y &hellip; <\/p>\n","protected":false},"author":1,"featured_media":51,"parent":0,"menu_order":0,"comment_status":"closed","ping_status":"closed","template":"","meta":{"footnotes":""},"class_list":["post-265","page","type-page","status-publish","has-post-thumbnail","hentry"],"_links":{"self":[{"href":"https:\/\/aureliedorleac.fr\/index.php\/wp-json\/wp\/v2\/pages\/265","targetHints":{"allow":["GET"]}}],"collection":[{"href":"https:\/\/aureliedorleac.fr\/index.php\/wp-json\/wp\/v2\/pages"}],"about":[{"href":"https:\/\/aureliedorleac.fr\/index.php\/wp-json\/wp\/v2\/types\/page"}],"author":[{"embeddable":true,"href":"https:\/\/aureliedorleac.fr\/index.php\/wp-json\/wp\/v2\/users\/1"}],"replies":[{"embeddable":true,"href":"https:\/\/aureliedorleac.fr\/index.php\/wp-json\/wp\/v2\/comments?post=265"}],"version-history":[{"count":5,"href":"https:\/\/aureliedorleac.fr\/index.php\/wp-json\/wp\/v2\/pages\/265\/revisions"}],"predecessor-version":[{"id":405,"href":"https:\/\/aureliedorleac.fr\/index.php\/wp-json\/wp\/v2\/pages\/265\/revisions\/405"}],"wp:featuredmedia":[{"embeddable":true,"href":"https:\/\/aureliedorleac.fr\/index.php\/wp-json\/wp\/v2\/media\/51"}],"wp:attachment":[{"href":"https:\/\/aureliedorleac.fr\/index.php\/wp-json\/wp\/v2\/media?parent=265"}],"curies":[{"name":"wp","href":"https:\/\/api.w.org\/{rel}","templated":true}]}}