{"id":271,"date":"2023-10-16T21:55:55","date_gmt":"2023-10-16T19:55:55","guid":{"rendered":"https:\/\/aureliedorleac.fr\/?page_id=271"},"modified":"2023-10-19T21:36:36","modified_gmt":"2023-10-19T19:36:36","slug":"le-programme-dhygiene-vitale","status":"publish","type":"page","link":"https:\/\/aureliedorleac.fr\/index.php\/le-programme-dhygiene-vitale\/","title":{"rendered":"Le programme d&#8217;hygi\u00e8ne vitale"},"content":{"rendered":"\n<div class=\"wp-block-media-text is-stacked-on-mobile\" style=\"grid-template-columns:19% auto\"><figure class=\"wp-block-media-text__media\"><img loading=\"lazy\" decoding=\"async\" width=\"1024\" height=\"858\" src=\"https:\/\/aureliedorleac.fr\/wp-content\/uploads\/2023\/10\/Design-sans-titre-4-1-1024x858.png\" alt=\"\" class=\"wp-image-274 size-full\" srcset=\"https:\/\/aureliedorleac.fr\/wp-content\/uploads\/2023\/10\/Design-sans-titre-4-1-1024x858.png 1024w, https:\/\/aureliedorleac.fr\/wp-content\/uploads\/2023\/10\/Design-sans-titre-4-1-300x251.png 300w, https:\/\/aureliedorleac.fr\/wp-content\/uploads\/2023\/10\/Design-sans-titre-4-1-768x644.png 768w, https:\/\/aureliedorleac.fr\/wp-content\/uploads\/2023\/10\/Design-sans-titre-4-1-72x60.png 72w, https:\/\/aureliedorleac.fr\/wp-content\/uploads\/2023\/10\/Design-sans-titre-4-1.png 1175w\" sizes=\"auto, (max-width: 1024px) 100vw, 1024px\" \/><\/figure><div class=\"wp-block-media-text__content\">\n<p>Il regroupe tous les conseils \u00e9voqu\u00e9s lors du rendez-vous dans le but de regagner votre force vitale et votre bien-\u00eatre.<\/p>\n\n\n\n<p>Ces conseils s&#8217;appuieront sur les 3 piliers de la naturopathie (alimentation, activit\u00e9s physiques et gestion des \u00e9motions). <\/p>\n\n\n\n<p>De plus, en fonction de votre probl\u00e9matique, je vous proposerai l&#8217;usage des autres techniques naturopathiques (phytoth\u00e9rapie, aromath\u00e9rapie, fleurs de Bach, hydroth\u00e9rapie, massages,&#8230;)<\/p>\n<\/div><\/div>\n","protected":false},"excerpt":{"rendered":"<p>Il regroupe tous les conseils \u00e9voqu\u00e9s lors du rendez-vous dans le but de regagner votre force vitale et votre bien-\u00eatre. Ces conseils s&#8217;appuieront sur les 3 piliers de la naturopathie (alimentation, activit\u00e9s physiques et gestion des \u00e9motions). De plus, en fonction de votre probl\u00e9matique, je vous proposerai l&#8217;usage des autres techniques naturopathiques (phytoth\u00e9rapie, aromath\u00e9rapie, fleurs &hellip; <\/p>\n","protected":false},"author":1,"featured_media":51,"parent":0,"menu_order":0,"comment_status":"closed","ping_status":"closed","template":"","meta":{"footnotes":""},"class_list":["post-271","page","type-page","status-publish","has-post-thumbnail","hentry"],"_links":{"self":[{"href":"https:\/\/aureliedorleac.fr\/index.php\/wp-json\/wp\/v2\/pages\/271","targetHints":{"allow":["GET"]}}],"collection":[{"href":"https:\/\/aureliedorleac.fr\/index.php\/wp-json\/wp\/v2\/pages"}],"about":[{"href":"https:\/\/aureliedorleac.fr\/index.php\/wp-json\/wp\/v2\/types\/page"}],"author":[{"embeddable":true,"href":"https:\/\/aureliedorleac.fr\/index.php\/wp-json\/wp\/v2\/users\/1"}],"replies":[{"embeddable":true,"href":"https:\/\/aureliedorleac.fr\/index.php\/wp-json\/wp\/v2\/comments?post=271"}],"version-history":[{"count":5,"href":"https:\/\/aureliedorleac.fr\/index.php\/wp-json\/wp\/v2\/pages\/271\/revisions"}],"predecessor-version":[{"id":406,"href":"https:\/\/aureliedorleac.fr\/index.php\/wp-json\/wp\/v2\/pages\/271\/revisions\/406"}],"wp:featuredmedia":[{"embeddable":true,"href":"https:\/\/aureliedorleac.fr\/index.php\/wp-json\/wp\/v2\/media\/51"}],"wp:attachment":[{"href":"https:\/\/aureliedorleac.fr\/index.php\/wp-json\/wp\/v2\/media?parent=271"}],"curies":[{"name":"wp","href":"https:\/\/api.w.org\/{rel}","templated":true}]}}