{"id":287,"date":"2023-10-16T22:34:38","date_gmt":"2023-10-16T20:34:38","guid":{"rendered":"https:\/\/aureliedorleac.fr\/?page_id=287"},"modified":"2023-10-19T21:37:12","modified_gmt":"2023-10-19T19:37:12","slug":"pour-qui-pour-quoi","status":"publish","type":"page","link":"https:\/\/aureliedorleac.fr\/index.php\/pour-qui-pour-quoi\/","title":{"rendered":"Pour qui et quand consulter"},"content":{"rendered":"\n<div class=\"wp-block-media-text is-stacked-on-mobile\" style=\"grid-template-columns:39% auto\"><figure class=\"wp-block-media-text__media\"><img loading=\"lazy\" decoding=\"async\" width=\"1024\" height=\"858\" src=\"https:\/\/aureliedorleac.fr\/wp-content\/uploads\/2023\/10\/Design-sans-titre-6-1024x858.png\" alt=\"\" class=\"wp-image-325 size-full\" srcset=\"https:\/\/aureliedorleac.fr\/wp-content\/uploads\/2023\/10\/Design-sans-titre-6-1024x858.png 1024w, https:\/\/aureliedorleac.fr\/wp-content\/uploads\/2023\/10\/Design-sans-titre-6-300x251.png 300w, https:\/\/aureliedorleac.fr\/wp-content\/uploads\/2023\/10\/Design-sans-titre-6-768x644.png 768w, https:\/\/aureliedorleac.fr\/wp-content\/uploads\/2023\/10\/Design-sans-titre-6-72x60.png 72w, https:\/\/aureliedorleac.fr\/wp-content\/uploads\/2023\/10\/Design-sans-titre-6.png 1175w\" sizes=\"auto, (max-width: 1024px) 100vw, 1024px\" \/><\/figure><div class=\"wp-block-media-text__content\">\n<p>La naturopathie s&#8217;adresse \u00e0 toute personne d\u00e9sireuse d&#8217;entreprendre les changements n\u00e9cessaires pour regagner en sant\u00e9 et en vitalit\u00e9.<\/p>\n\n\n\n<p>Ces changements s&#8217;op\u00e8rent dans les habitudes de vie et au quotidien.<\/p>\n\n\n\n<p>Le naturopathe agit en tant qu&#8217;\u00e9ducateur de sant\u00e9 en maintenant et promouvant l&#8217;autonomie du consultant.<\/p>\n\n\n\n<p>Tous les \u00e2ges de la vie sont concern\u00e9s.<\/p>\n<\/div><\/div>\n\n\n\n<div style=\"height:60px\" aria-hidden=\"true\" class=\"wp-block-spacer\"><\/div>\n\n\n\n<div class=\"wp-block-media-text has-media-on-the-right is-stacked-on-mobile\" style=\"grid-template-columns:auto 39%\"><div class=\"wp-block-media-text__content\">\n<p>Id\u00e9alement, la consultation d&#8217;un naturopathe a lieu en pr\u00e9vention afin d&#8217;adapter au mieux l&#8217;hygi\u00e8ne de vie \u00e0 ses besoins et son quotidien.<\/p>\n\n\n\n<p>Il peut \u00eatre consult\u00e9 lors de changements de vie profonds ou de p\u00e9riodes difficiles qui peuvent entrainer une baisse de l&#8217;\u00e9nergie, de la vitalit\u00e9 et parfois des dysfonctionnements (sommeil et\/ou digestion perturb\u00e9s par exemple).<\/p>\n\n\n\n<p>Dans le cas o\u00f9 le consultant est d\u00e9j\u00e0 suivi par un m\u00e9decin pour une maladie, le naturopathe l&#8217;accompagne pour renforcer sa vitalit\u00e9 et l&#8217;aider \u00e0 g\u00e9rer la situation tant physiquement qu&#8217;\u00e9motionnellement, tout en respectant les traitements m\u00e9dicaux prescrits par le m\u00e9decin.<\/p>\n<\/div><figure class=\"wp-block-media-text__media\"><img loading=\"lazy\" decoding=\"async\" width=\"1024\" height=\"858\" src=\"https:\/\/aureliedorleac.fr\/wp-content\/uploads\/2023\/10\/Design-sans-titre-1-2-1024x858.png\" alt=\"\" class=\"wp-image-327 size-full\" srcset=\"https:\/\/aureliedorleac.fr\/wp-content\/uploads\/2023\/10\/Design-sans-titre-1-2-1024x858.png 1024w, https:\/\/aureliedorleac.fr\/wp-content\/uploads\/2023\/10\/Design-sans-titre-1-2-300x251.png 300w, https:\/\/aureliedorleac.fr\/wp-content\/uploads\/2023\/10\/Design-sans-titre-1-2-768x644.png 768w, https:\/\/aureliedorleac.fr\/wp-content\/uploads\/2023\/10\/Design-sans-titre-1-2-72x60.png 72w, https:\/\/aureliedorleac.fr\/wp-content\/uploads\/2023\/10\/Design-sans-titre-1-2.png 1175w\" sizes=\"auto, (max-width: 1024px) 100vw, 1024px\" \/><\/figure><\/div>\n\n\n\n<div style=\"height:46px\" aria-hidden=\"true\" class=\"wp-block-spacer\"><\/div>\n\n\n\n<p class=\"has-text-align-center has-medium-font-size\"><mark style=\"background-color:rgba(0, 0, 0, 0)\" class=\"has-inline-color has-light-green-cyan-color\">A aucun moment, le naturopathe ne se substitue \u00e0 un m\u00e9decin. Sa d\u00e9marche est globale et durable et il vise une prise en charge int\u00e9grative en s&#8217;associant aux diff\u00e9rentes disciplines m\u00e9dicales, param\u00e9dicales et toutes th\u00e9rapies visant \u00e0 promouvoir la sant\u00e9 et le bien-\u00eatre.<\/mark><\/p>\n","protected":false},"excerpt":{"rendered":"<p>La naturopathie s&#8217;adresse \u00e0 toute personne d\u00e9sireuse d&#8217;entreprendre les changements n\u00e9cessaires pour regagner en sant\u00e9 et en vitalit\u00e9. Ces changements s&#8217;op\u00e8rent dans les habitudes de vie et au quotidien. Le naturopathe agit en tant qu&#8217;\u00e9ducateur de sant\u00e9 en maintenant et promouvant l&#8217;autonomie du consultant. Tous les \u00e2ges de la vie sont concern\u00e9s. Id\u00e9alement, la consultation &hellip; <\/p>\n","protected":false},"author":1,"featured_media":51,"parent":0,"menu_order":0,"comment_status":"closed","ping_status":"closed","template":"","meta":{"footnotes":""},"class_list":["post-287","page","type-page","status-publish","has-post-thumbnail","hentry"],"_links":{"self":[{"href":"https:\/\/aureliedorleac.fr\/index.php\/wp-json\/wp\/v2\/pages\/287","targetHints":{"allow":["GET"]}}],"collection":[{"href":"https:\/\/aureliedorleac.fr\/index.php\/wp-json\/wp\/v2\/pages"}],"about":[{"href":"https:\/\/aureliedorleac.fr\/index.php\/wp-json\/wp\/v2\/types\/page"}],"author":[{"embeddable":true,"href":"https:\/\/aureliedorleac.fr\/index.php\/wp-json\/wp\/v2\/users\/1"}],"replies":[{"embeddable":true,"href":"https:\/\/aureliedorleac.fr\/index.php\/wp-json\/wp\/v2\/comments?post=287"}],"version-history":[{"count":10,"href":"https:\/\/aureliedorleac.fr\/index.php\/wp-json\/wp\/v2\/pages\/287\/revisions"}],"predecessor-version":[{"id":408,"href":"https:\/\/aureliedorleac.fr\/index.php\/wp-json\/wp\/v2\/pages\/287\/revisions\/408"}],"wp:featuredmedia":[{"embeddable":true,"href":"https:\/\/aureliedorleac.fr\/index.php\/wp-json\/wp\/v2\/media\/51"}],"wp:attachment":[{"href":"https:\/\/aureliedorleac.fr\/index.php\/wp-json\/wp\/v2\/media?parent=287"}],"curies":[{"name":"wp","href":"https:\/\/api.w.org\/{rel}","templated":true}]}}