{"id":3,"date":"2023-09-26T16:40:22","date_gmt":"2023-09-26T14:40:22","guid":{"rendered":"http:\/\/aureliedorleac.fr\/?page_id=3"},"modified":"2023-10-19T17:31:40","modified_gmt":"2023-10-19T15:31:40","slug":"politique-de-confidentialite","status":"publish","type":"page","link":"https:\/\/aureliedorleac.fr\/index.php\/politique-de-confidentialite\/","title":{"rendered":"Politique de confidentialit\u00e9-Mentions l\u00e9gales"},"content":{"rendered":"\n<h2 class=\"wp-block-heading\">Qui sommes-nous&nbsp;?<\/h2>\n\n\n\n<p>L\u2019adresse de notre site est&nbsp;: http:\/\/aureliedorleac.fr.<\/p>\n\n\n\n<p>J\u2019utilise vos donn\u00e9es pour fournir et am\u00e9liorer le Service. En utilisant le Service, vous consentez \u00e0 la collecte et \u00e0 l\u2019utilisation d\u2019informations conform\u00e9ment \u00e0 la pr\u00e9sente politique. Sauf d\u00e9finition contraire dans la pr\u00e9sente Politique de Confidentialit\u00e9, les termes utilis\u00e9s dans la pr\u00e9sente Politique de Confidentialit\u00e9 ont la m\u00eame signification que dans mes Conditions G\u00e9n\u00e9rales qui sont disponibles sur www.aureliedorleac.fr<\/p>\n\n\n\n<h2 class=\"wp-block-heading\">D\u00e9finition<\/h2>\n\n\n\n<ul class=\"wp-block-list\">\n<li>Service<br>Par Service on entend le site web www.aureliedorleac.fr exploit\u00e9 par&nbsp;Aur\u00e9lie Dorl\u00e9ac.<\/li>\n\n\n\n<li>Donn\u00e9es \u00e0 caract\u00e8re personnel<br>Donn\u00e9es \u00e0 Caract\u00e8re Personnel d\u00e9signe des donn\u00e9es concernant un individu vivant qui peut \u00eatre identifi\u00e9 \u00e0 partir de ces donn\u00e9es (ou \u00e0 partir de ces&nbsp; donn\u00e9es et d\u2019autres informations en notre possession ou susceptibles d\u2019entrer en ma possession).<\/li>\n\n\n\n<li>Donn\u00e9es d\u2019Utilisation<br>Les Donn\u00e9es d\u2019Utilisation sont recueillies automatiquement et sont g\u00e9n\u00e9r\u00e9es soit par l\u2019utilisation du Service, soit par l\u2019infrastructure du Service proprement dite (par exemple, dur\u00e9e de consultation d\u2019une page).<\/li>\n\n\n\n<li>Cookies<br>Les cookies sont de petits fichiers enregistr\u00e9s sur votre disposition&nbsp; (ordinateur ou dispositif mobile).<\/li>\n\n\n\n<li>Responsable du Traitement<br>Responsable du Traitement d\u00e9signe la personne physique ou morale (seule, ou conjointement ou en commun avec d\u2019autres personnes) qui d\u00e9termine les finalit\u00e9s et les modalit\u00e9s selon lesquelles toutes les donn\u00e9es personnelles sont trait\u00e9es ou doivent l\u2019\u00eatre.&nbsp;Aux fins de la pr\u00e9sente Politique de Confidentialit\u00e9, je suis un Responsable du Traitement de vos donn\u00e9es \u00e0 caract\u00e8re personnel.<\/li>\n\n\n\n<li>Sous-Traitants (ou Prestataires de Services)<br>Le terme Sous-Traitant (ou Prestataire de Service) d\u00e9signe toute personne physique ou morale qui traite les donn\u00e9es au nom du Responsable du Traitement. Il se peut que je fasse appel aux services de plusieurs Prestataires de Services afin de traiter vos donn\u00e9es plus efficacement.<\/li>\n\n\n\n<li>Personne Concern\u00e9e (ou Utilisateur)<br>Par Personne Concern\u00e9e, j\u2019entends toute personne vivante qui utilise mon Service et est le sujet de Donn\u00e9es \u00e0 Caract\u00e8re Personnel.<\/li>\n<\/ul>\n\n\n\n<h2 class=\"wp-block-heading\">Collecte et utilisation des donn\u00e9es<\/h2>\n\n\n\n<p>Je recueille plusieurs types de donn\u00e9es \u00e0 diff\u00e9rentes fins en vue de vous fournir mon Service et de l\u2019am\u00e9liorer.<\/p>\n\n\n\n<h2 class=\"wp-block-heading\">Type de donn\u00e9es<\/h2>\n\n\n\n<p><strong>Donn\u00e9es \u00e0 Caract\u00e8re Personnel&nbsp;&nbsp;<\/strong><\/p>\n\n\n\n<p>Lorsque vous utilisez mon Service, il est possible que je vous demande de me fournir certaines donn\u00e9es personnelles nominatives qui peuvent servir \u00e0 vous contacter ou \u00e0 vous identifier (\u00ab&nbsp;Donn\u00e9es \u00e0 Caract\u00e8re Personnel&nbsp;\u00bb). Les donn\u00e9es personnelles nominatives peuvent comprendre, mais de mani\u00e8re non limitative:<\/p>\n\n\n\n<ul class=\"wp-block-list\">\n<li>Adresse e-mail<\/li>\n\n\n\n<li>Pr\u00e9nom et nom de famille<\/li>\n\n\n\n<li>Cookies et Donn\u00e9es d\u2019Utilisation<br><\/li>\n<\/ul>\n\n\n\n<p>Je peux utiliser vos Donn\u00e9es \u00e0 Caract\u00e8re Personnel pour vous envoyer des bulletins d\u2019information, des communications commerciales ou des promotions et d\u2019autres informations susceptibles de vous int\u00e9resser. Vous pouvez choisir de ne recevoir aucune communication de ma part ou de ne recevoir que certaines communications en cliquant sur le lien de d\u00e9sabonnement ou en suivant les instructions qui figurent dans chacun des e-mails que je vous envoie.<\/p>\n\n\n\n<p><strong>Donn\u00e9es d\u2019Utilisation&nbsp;<\/strong>&nbsp;<\/p>\n\n\n\n<p>Je peux \u00e9galement recueillir des informations relatives au mode d\u2019acc\u00e8s et d\u2019utilisation du Service (\u00ab&nbsp;Donn\u00e9es d\u2019Utilisation&nbsp;\u00bb). Ces Donn\u00e9es d\u2019Utilisation peuvent comprendre des informations telles que l\u2019adresse de protocole Internet (c.-\u00e0-d. l\u2019adresse IP) de votre ordinateur, le type de&nbsp;navigateur, la version du navigateur, les pages de notre Service que vous consultez, la date et l\u2019heure de votre visite, le temps pass\u00e9 sur ces pages, les identifiants uniques de dispositifs ainsi que d\u2019autres donn\u00e9es de diagnostic.<\/p>\n\n\n\n<p><strong>Suivi et donn\u00e9es de cookies&nbsp;<\/strong>&nbsp;<\/p>\n\n\n\n<p>J\u2019ai recours \u00e0 des cookies et \u00e0 d\u2019autres technologies de suivi similaires pour effectuer un suivi des activit\u00e9s effectu\u00e9es dans mon Service, et je conserverai certaines informations.<\/p>\n\n\n\n<p>Les cookies sont des fichiers \u00e0 faible volume de donn\u00e9es pouvant comporter un identifiant unique anonyme. Les cookies sont envoy\u00e9s \u00e0 votre navigateur depuis un site web et sont stock\u00e9s sur votre dispositif. D\u2019autres technologies de suivi telles que les pixels, les balises et les scripts sont \u00e9galement utilis\u00e9es pour recueillir et suivre des informations et afin d\u2019am\u00e9liorer et d\u2019analyser mon Service.<\/p>\n\n\n\n<p>Vous pouvez demander \u00e0 votre navigateur de refuser tous les cookies ou de vous avertir lorsqu\u2019un cookie est envoy\u00e9. Toutefois, si vous n\u2019acceptez pas les cookies, il se peut que vous ne puissiez pas utiliser certains \u00e9l\u00e9ments de mon Service.<\/p>\n\n\n\n<p><strong>Utilisation des donn\u00e9es&nbsp;&nbsp;<\/strong><\/p>\n\n\n\n<p>Aur\u00e9lie Dorl\u00e9ac&nbsp;utilise les donn\u00e9es recueillies \u00e0 des fins diverses:<\/p>\n\n\n\n<ul class=\"wp-block-list\">\n<li>Pour fournir et assurer mon Service<\/li>\n\n\n\n<li>Pour vous faire part des changements apport\u00e9s \u00e0 mon Service<\/li>\n\n\n\n<li>Pour vous permettre d\u2019utiliser les fonctions interactives de mon Service quand vous le souhaitez<\/li>\n\n\n\n<li>Pour assurer l\u2019assistance client<\/li>\n\n\n\n<li>Pour recueillir des donn\u00e9es pr\u00e9cieuses ou d\u2019analyses qui me permettront d\u2019am\u00e9liorer mon Service<\/li>\n\n\n\n<li>Pour contr\u00f4ler l\u2019utilisation de mon Service<\/li>\n\n\n\n<li>Pour d\u00e9tecter, pr\u00e9venir et r\u00e9gler les probl\u00e8mes techniques<\/li>\n\n\n\n<li>Pour vous faire part de l\u2019actualit\u00e9, d\u2019offres sp\u00e9ciales et d\u2019informations&nbsp;d\u2019ordre g\u00e9n\u00e9ral concernant d\u2019autres marchandises, services et \u00e9v\u00e9nements que je propose et qui sont similaires \u00e0 ceux que vous avez d\u00e9j\u00e0 achet\u00e9s ou au sujet desquels vous vous \u00eates d\u00e9j\u00e0 renseign\u00e9, sauf si vous avez d\u00e9j\u00e0 indiqu\u00e9 que vous ne voulez pas recevoir d\u2019informations de cette nature.<br><\/li>\n<\/ul>\n\n\n\n<p>Fondement juridique du traitement des donn\u00e9es \u00e0 caract\u00e8re personnel en vertu du R\u00e8glement G\u00e9n\u00e9ral relatif \u00e0 la Protection des Donn\u00e9es (RGPD)&nbsp;&nbsp;<\/p>\n\n\n\n<p>Si vous r\u00e9sidez dans l\u2019Espace \u00e9conomique europ\u00e9en (EEE), le fondement juridique de&nbsp;Aur\u00e9lie Dorl\u00e9ac&nbsp;en ce qui concerne la collecte et l\u2019utilisation des donn\u00e9es personnelles d\u00e9crites dans la pr\u00e9sente Politique de Confidentialit\u00e9 d\u00e9pend des Donn\u00e9es \u00e0 Caract\u00e8re Personnel que nous recueillons et du contexte pr\u00e9cis dans lequel nous les recueillons.<\/p>\n\n\n\n<p>Aur\u00e9lie Dorl\u00e9ac peut traiter vos Donn\u00e9es \u00e0 Caract\u00e8re Personnel:<\/p>\n\n\n\n<ul class=\"wp-block-list\">\n<li>Parce que j\u2019ai besoin d\u2019ex\u00e9cuter un contrat pass\u00e9 avec vous<\/li>\n\n\n\n<li>Parce que vous m\u2019avez autoris\u00e9s \u00e0 le faire<\/li>\n\n\n\n<li>Parce que j\u2019ai un int\u00e9r\u00eat l\u00e9gitime \u00e0 effectuer ce traitement et que vos droits ne priment pas sur cet int\u00e9r\u00eat l\u00e9gitime<\/li>\n\n\n\n<li>\u00c0 des fins de traitement des paiements<\/li>\n\n\n\n<li>Pour respecter la loi<br><\/li>\n<\/ul>\n\n\n\n<p><strong>Conservation des donn\u00e9es&nbsp;&nbsp;<\/strong><\/p>\n\n\n\n<p>Aur\u00e9lie Dorl\u00e9ac ne conservera vos Donn\u00e9es \u00e0 Caract\u00e8re Personnel que tant que cela sera n\u00e9cessaire aux fins stipul\u00e9es dans la pr\u00e9sente Politique de Confidentialit\u00e9. Je conserverai et utiliserai vos Donn\u00e9es \u00e0 Caract\u00e8re Personnel dans la mesure o\u00f9 cela sera n\u00e9cessaire pour que je puisse m\u2019acquitter de nos obligations l\u00e9gales (par exemple, pour respecter la l\u00e9gislation en vigueur), r\u00e9soudre des diff\u00e9rends et appliquer mes accords et mes politiques.<\/p>\n\n\n\n<p>Aur\u00e9lie Dorl\u00e9ac conservera \u00e9galement les Donn\u00e9es d\u2019Utilisation \u00e0 des fins d\u2019analyses internes. Les Donn\u00e9es d\u2019Utilisation sont g\u00e9n\u00e9ralement conserv\u00e9es pour une p\u00e9riode plus courte, sauf lorsque ces donn\u00e9es sont utilis\u00e9es pour renforcer la s\u00e9curit\u00e9 ou pour am\u00e9liorer les fonctionnalit\u00e9s de mon Service, ou si je suis l\u00e9galement tenue de conserver ces donn\u00e9es plus longtemps.<\/p>\n\n\n\n<p><\/p>\n\n\n\n<p><strong>Transfert des donn\u00e9es&nbsp;<\/strong>&nbsp;<\/p>\n\n\n\n<p>Les informations vous concernant, notamment vos Donn\u00e9es \u00e0 Caract\u00e8re Personnel, peuvent \u00eatre transf\u00e9r\u00e9es de votre r\u00e9gion, province, pays, ou autre division territoriale vers des ordinateurs \u2013 et stock\u00e9es sur ces derniers \u2013 situ\u00e9s \u00e0 un endroit o\u00f9 la l\u00e9gislation relative \u00e0 la protection des donn\u00e9es diff\u00e8re de celle du territoire o\u00f9 vous r\u00e9sidez.<\/p>\n\n\n\n<p>Si vous r\u00e9sidez hors de\/du France et que vous choisissez de me communiquer des informations, sachez que je transf\u00e8re les donn\u00e9es, y compris les Donn\u00e9es \u00e0 Caract\u00e8re Personnel, vers le\/la France et que je les y traitons.<\/p>\n\n\n\n<p>En acceptant la pr\u00e9sente Politique de Confidentialit\u00e9 puis en soumettant ces informations, vous consentez \u00e0 ce transfert.<\/p>\n\n\n\n<p>Aur\u00e9lie Dorl\u00e9ac prendra toutes les mesures raisonnablement n\u00e9cessaires pour faire en sorte que vos donn\u00e9es soient trait\u00e9es de mani\u00e8re s\u00e9curis\u00e9e et conform\u00e9ment \u00e0 la pr\u00e9sente Politique de Confidentialit\u00e9 et vos Donn\u00e9es \u00e0 Caract\u00e8re Personnel ne seront transf\u00e9r\u00e9es vers aucune organisation ni aucun pays \u00e0 moins que des contr\u00f4les ad\u00e9quats ne soient en place, notamment en ce qui concerne la s\u00e9curit\u00e9 de vos donn\u00e9es et d\u2019autres donn\u00e9es personnelles.<\/p>\n\n\n\n<p><strong>S\u00e9curit\u00e9 des donn\u00e9es&nbsp;&nbsp;<\/strong><\/p>\n\n\n\n<p>La s\u00e9curit\u00e9 de vos donn\u00e9es me tient \u00e0 c\u0153ur. Toutefois, n\u2019oubliez pas qu\u2019aucune m\u00e9thode de transmission de donn\u00e9es par Internet ou m\u00e9thode de stockage \u00e9lectronique n\u2019est s\u00fbre \u00e0 100 %. Bien que je m\u2019efforce d\u2019utiliser des m\u00e9thodes commercialement acceptables pour prot\u00e9ger vos Donn\u00e9es \u00e0 Caract\u00e8re Personnel, je ne peux pas leur garantir une s\u00e9curit\u00e9 absolue.<\/p>\n\n\n\n<p><strong>Droits \u00e0 la protection des donn\u00e9es qui vous sont accord\u00e9s par le R\u00e8glement G\u00e9n\u00e9ral relatif \u00e0 la Protection des Donn\u00e9es (RGPD)&nbsp;&nbsp;<\/strong><\/p>\n\n\n\n<p>Si vous r\u00e9sidez dans l\u2019Espace \u00e9conomique europ\u00e9en (EEE), vous avez certains droits en mati\u00e8re de protection des donn\u00e9es. Aur\u00e9lie Dorl\u00e9ac&nbsp;entend prendre des mesures raisonnables pour vous permettre de corriger, de modifier, ou de supprimer vos Donn\u00e9es \u00e0 Caract\u00e8re Personnel ou d\u2019en limiter l\u2019utilisation.<\/p>\n\n\n\n<p>Si vous souhaitez savoir quelles Donn\u00e9es \u00e0 Caract\u00e8re Personnel je d\u00e9tiens \u00e0 votre sujet et voulez qu\u2019elles soient supprim\u00e9es de mes syst\u00e8mes, veuillez me contacter.<\/p>\n\n\n\n<p>Dans certaines circonstances, vous avez les droits suivants en mati\u00e8re de protection des donn\u00e9es:<\/p>\n\n\n\n<ul class=\"wp-block-list\">\n<li>Le droit d\u2019acc\u00e9der aux informations que je d\u00e9tiens \u00e0 votre sujet, de les actualiser ou de les supprimer. Lorsque cette option est propos\u00e9e, vous pouvez consulter ou actualiser vos Donn\u00e9es \u00e0 Caract\u00e8re Personnel ou en demander la suppression dans la section param\u00e8tres de votre compte. Si vous ne pouvez pas effectuer ces actions vous-m\u00eame, merci de me contacter pour obtenir de l\u2019aide.<\/li>\n\n\n\n<li>Droit de rectification. Vous avez le droit de faire rectifier vos donn\u00e9es si elles sont inexactes ou incompl\u00e8tes.<\/li>\n\n\n\n<li>Droit d\u2019opposition. Vous avez le droit de vous opposer \u00e0 ce que je traite vos Donn\u00e9es \u00e0 Caract\u00e8re Personnel.<\/li>\n\n\n\n<li>Droit de limitation Vous avez le droit de me demander de limiter le traitement de vos donn\u00e9es personnelles.<\/li>\n\n\n\n<li>Le droit \u00e0 la portabilit\u00e9 des donn\u00e9es. Vous avez le droit de recevoir une copie des informations que je d\u00e9tiens \u00e0 votre sujet dans un format couramment utilis\u00e9, structur\u00e9 et lisible par une machine.<\/li>\n\n\n\n<li>Droit au retrait du consentement. Vous avez \u00e9galement le droit de retirer votre consentement \u00e0 tout moment si Aur\u00e9lie Dorl\u00e9ac s\u2019est appuy\u00e9 sur votre consentement pour traiter vos donn\u00e9es personnelles.<br><\/li>\n<\/ul>\n\n\n\n<p>Veuillez noter que je ne peux vous demander de prouver votre identit\u00e9 avant de r\u00e9pondre \u00e0 des demandes de cette nature.<\/p>\n\n\n\n<p>Vous avez le droit de d\u00e9poser plainte aupr\u00e8s d\u2019une autorit\u00e9 de protection des donn\u00e9es au sujet de la collecte et de l&#8217;utilisation de vos Donn\u00e9es \u00e0 Caract\u00e8re Personnel. Pour plus de pr\u00e9cisions, veuillez contacter l\u2019autorit\u00e9 de protection des donn\u00e9es la plus proche de vous dans l\u2019Espace \u00e9conomique europ\u00e9en (EEE).<\/p>\n\n\n\n<p><strong>Modifications de la pr\u00e9sente Politique de Confidentialit\u00e9&nbsp;<\/strong>&nbsp;<\/p>\n\n\n\n<p>Je me r\u00e9serve le droit d\u2019actualiser ma Politique de Confidentialit\u00e9&nbsp;de temps \u00e0 autre. Je vous informerai de toute modification en publiant la nouvelle Politique de Confidentialit\u00e9 sur cette page.<\/p>\n\n\n\n<p>Avant que la modification ne prenne effet, je vous en informerai par e-mail et\/ ou en pla\u00e7ant un avis bien en vue dans notre Service et nous actualiserons la \u00ab&nbsp;date de prise d\u2019effet&nbsp;\u00bb qui figure en haut de la pr\u00e9sente Politique de Confidentialit\u00e9.<\/p>\n\n\n\n<p>Je vous conseille de consulter la pr\u00e9sente Politique de Confidentialit\u00e9 p\u00e9riodiquement pour prendre connaissance de toute modification. Les modifications apport\u00e9es \u00e0 la pr\u00e9sente Politique de Confidentialit\u00e9 prennent effet lorsqu\u2019elles sont publi\u00e9es sur cette page.<\/p>\n\n\n\n<p><strong>Me contacter&nbsp;<\/strong>&nbsp;<\/p>\n\n\n\n<p>Pour toute question relative \u00e0 la pr\u00e9sente Politique de Confidentialit\u00e9, veuillez me contacter par courrier \u00e9lectronique:&nbsp;contact@aureliedorleac.fr<\/p>\n\n\n\n<div style=\"height:60px\" aria-hidden=\"true\" class=\"wp-block-spacer\"><\/div>\n\n\n\n<p class=\"has-large-font-size\"><strong>Mentions l\u00e9gales<\/strong><\/p>\n\n\n\n<p>Conform\u00e9ment aux dispositions des articles 6-III et 19 de la Loi n\u00b0 2004-575 du 21 juin 2004 pour la Confiance dans l\u2019\u00e9conomie num\u00e9rique, dite L.C.E.N., nous portons \u00e0 la connaissance des utilisateurs et visiteurs du site :\u00a0aureliedorleac.fr les informations suivantes :<\/p>\n\n\n\n<p><strong>\u00c9DITEUR<\/strong><\/p>\n\n\n\n<p>Le site\u00a0aureliedorleac.fr est la propri\u00e9t\u00e9 exclusive de\u00a0l&#8217;entreprise Aur\u00e9lie Dorl\u00e9ac, qui l\u2019\u00e9dite.<\/p>\n\n\n\n<p><strong>L&#8217;entreprise<\/strong><strong>\u00a0<\/strong>au capital de\u00a0<strong>0\u00a0<\/strong>\u20ac T\u00e9l :\u00a0<strong>0<\/strong>637641201<\/p>\n\n\n\n<p>6 rue des Alouettes 57270 Richemont\u00a0Immatricul\u00e9e au R\u00e9pertoire des Entreprises et des Etablissements de\u00a0<strong>751238171\u00a0<\/strong>sous le num\u00e9ro\u00a075123817100019.<\/p>\n\n\n\n<p>Num\u00e9ro TVA intracommunautaire :\u00a0&#8211;\u00a0Adresse de courrier \u00e9lectronique :\u00a0contact@aureliedorleac.fr Directeur de la publication :\u00a0Aur\u00e9lie Dorl\u00e9ac <\/p>\n\n\n\n<p><strong>H\u00c9BERGEMENT<\/strong><\/p>\n\n\n\n<p>Le site est h\u00e9berg\u00e9 par&nbsp;<strong>OVH groupe SAS 2, rue Kellermann 59100 Roubaix<\/strong><\/p>\n\n\n\n<p><\/p>\n","protected":false},"excerpt":{"rendered":"<p>Qui sommes-nous&nbsp;? L\u2019adresse de notre site est&nbsp;: http:\/\/aureliedorleac.fr. J\u2019utilise vos donn\u00e9es pour fournir et am\u00e9liorer le Service. En utilisant le Service, vous consentez \u00e0 la collecte et \u00e0 l\u2019utilisation d\u2019informations conform\u00e9ment \u00e0 la pr\u00e9sente politique. Sauf d\u00e9finition contraire dans la pr\u00e9sente Politique de Confidentialit\u00e9, les termes utilis\u00e9s dans la pr\u00e9sente Politique de Confidentialit\u00e9 ont la &hellip; <\/p>\n","protected":false},"author":1,"featured_media":0,"parent":0,"menu_order":0,"comment_status":"closed","ping_status":"open","template":"","meta":{"footnotes":""},"class_list":["post-3","page","type-page","status-publish","hentry"],"_links":{"self":[{"href":"https:\/\/aureliedorleac.fr\/index.php\/wp-json\/wp\/v2\/pages\/3","targetHints":{"allow":["GET"]}}],"collection":[{"href":"https:\/\/aureliedorleac.fr\/index.php\/wp-json\/wp\/v2\/pages"}],"about":[{"href":"https:\/\/aureliedorleac.fr\/index.php\/wp-json\/wp\/v2\/types\/page"}],"author":[{"embeddable":true,"href":"https:\/\/aureliedorleac.fr\/index.php\/wp-json\/wp\/v2\/users\/1"}],"replies":[{"embeddable":true,"href":"https:\/\/aureliedorleac.fr\/index.php\/wp-json\/wp\/v2\/comments?post=3"}],"version-history":[{"count":14,"href":"https:\/\/aureliedorleac.fr\/index.php\/wp-json\/wp\/v2\/pages\/3\/revisions"}],"predecessor-version":[{"id":395,"href":"https:\/\/aureliedorleac.fr\/index.php\/wp-json\/wp\/v2\/pages\/3\/revisions\/395"}],"wp:attachment":[{"href":"https:\/\/aureliedorleac.fr\/index.php\/wp-json\/wp\/v2\/media?parent=3"}],"curies":[{"name":"wp","href":"https:\/\/api.w.org\/{rel}","templated":true}]}}