{"id":335,"date":"2023-10-17T17:12:27","date_gmt":"2023-10-17T15:12:27","guid":{"rendered":"https:\/\/aureliedorleac.fr\/?page_id=335"},"modified":"2023-10-19T21:37:29","modified_gmt":"2023-10-19T19:37:29","slug":"tarifs","status":"publish","type":"page","link":"https:\/\/aureliedorleac.fr\/index.php\/tarifs\/","title":{"rendered":"Tarifs"},"content":{"rendered":"\n<div class=\"wp-block-media-text is-stacked-on-mobile\" style=\"grid-template-columns:17% auto\"><figure class=\"wp-block-media-text__media\"><img loading=\"lazy\" decoding=\"async\" width=\"1024\" height=\"858\" src=\"https:\/\/aureliedorleac.fr\/wp-content\/uploads\/2023\/10\/fleche-3-1024x858.png\" alt=\"\" class=\"wp-image-362 size-full\" srcset=\"https:\/\/aureliedorleac.fr\/wp-content\/uploads\/2023\/10\/fleche-3-1024x858.png 1024w, https:\/\/aureliedorleac.fr\/wp-content\/uploads\/2023\/10\/fleche-3-300x251.png 300w, https:\/\/aureliedorleac.fr\/wp-content\/uploads\/2023\/10\/fleche-3-768x644.png 768w, https:\/\/aureliedorleac.fr\/wp-content\/uploads\/2023\/10\/fleche-3-72x60.png 72w, https:\/\/aureliedorleac.fr\/wp-content\/uploads\/2023\/10\/fleche-3.png 1175w\" sizes=\"auto, (max-width: 1024px) 100vw, 1024px\" \/><\/figure><div class=\"wp-block-media-text__content\">\n<p class=\"has-medium-font-size\"><mark style=\"background-color:rgba(0, 0, 0, 0)\" class=\"has-inline-color has-light-green-cyan-color\"><strong>Premi\u00e8re consultation :<\/strong><\/mark>    90\u20ac  comptez 1h30 \u00e0 2h00<\/p>\n\n\n\n<p>Elle comprend le bilan vital approfondi, le programme d&#8217;hygi\u00e8ne vital, les diff\u00e9rents documents n\u00e9cessaires \u00e0 la mise en application des conseils, un accompagnement personnalis\u00e9 et la possibilit\u00e9 de me contacter pour un suivi complet.<\/p>\n<\/div><\/div>\n\n\n\n<div style=\"height:39px\" aria-hidden=\"true\" class=\"wp-block-spacer\"><\/div>\n\n\n\n<div class=\"wp-block-media-text is-stacked-on-mobile\" style=\"grid-template-columns:17% auto\"><figure class=\"wp-block-media-text__media\"><img loading=\"lazy\" decoding=\"async\" width=\"1024\" height=\"858\" src=\"https:\/\/aureliedorleac.fr\/wp-content\/uploads\/2023\/10\/fleche-4-1024x858.png\" alt=\"\" class=\"wp-image-367 size-full\" srcset=\"https:\/\/aureliedorleac.fr\/wp-content\/uploads\/2023\/10\/fleche-4-1024x858.png 1024w, https:\/\/aureliedorleac.fr\/wp-content\/uploads\/2023\/10\/fleche-4-300x251.png 300w, https:\/\/aureliedorleac.fr\/wp-content\/uploads\/2023\/10\/fleche-4-768x644.png 768w, https:\/\/aureliedorleac.fr\/wp-content\/uploads\/2023\/10\/fleche-4-72x60.png 72w, https:\/\/aureliedorleac.fr\/wp-content\/uploads\/2023\/10\/fleche-4.png 1175w\" sizes=\"auto, (max-width: 1024px) 100vw, 1024px\" \/><\/figure><div class=\"wp-block-media-text__content\">\n<p class=\"has-medium-font-size\"><strong><mark style=\"background-color:rgba(0, 0, 0, 0)\" class=\"has-inline-color has-light-green-cyan-color\">Consultation de suivi :<\/mark> <\/strong>   60\u20ac   comptez 1h00<\/p>\n\n\n\n<p>Elle permet de faire un point sur l\u2019\u00e9volution de votre situation et d\u2019adapter si besoin les conseils prodigu\u00e9s.<\/p>\n\n\n\n<p>Elle permet \u00e9galement de continuer d\u2019avancer ensemble sur l\u2019objectif fix\u00e9 en amont.<\/p>\n<\/div><\/div>\n","protected":false},"excerpt":{"rendered":"<p>Premi\u00e8re consultation : 90\u20ac comptez 1h30 \u00e0 2h00 Elle comprend le bilan vital approfondi, le programme d&#8217;hygi\u00e8ne vital, les diff\u00e9rents documents n\u00e9cessaires \u00e0 la mise en application des conseils, un accompagnement personnalis\u00e9 et la possibilit\u00e9 de me contacter pour un suivi complet. Consultation de suivi : 60\u20ac comptez 1h00 Elle permet de faire un point &hellip; <\/p>\n","protected":false},"author":1,"featured_media":51,"parent":0,"menu_order":0,"comment_status":"closed","ping_status":"closed","template":"","meta":{"footnotes":""},"class_list":["post-335","page","type-page","status-publish","has-post-thumbnail","hentry"],"_links":{"self":[{"href":"https:\/\/aureliedorleac.fr\/index.php\/wp-json\/wp\/v2\/pages\/335","targetHints":{"allow":["GET"]}}],"collection":[{"href":"https:\/\/aureliedorleac.fr\/index.php\/wp-json\/wp\/v2\/pages"}],"about":[{"href":"https:\/\/aureliedorleac.fr\/index.php\/wp-json\/wp\/v2\/types\/page"}],"author":[{"embeddable":true,"href":"https:\/\/aureliedorleac.fr\/index.php\/wp-json\/wp\/v2\/users\/1"}],"replies":[{"embeddable":true,"href":"https:\/\/aureliedorleac.fr\/index.php\/wp-json\/wp\/v2\/comments?post=335"}],"version-history":[{"count":8,"href":"https:\/\/aureliedorleac.fr\/index.php\/wp-json\/wp\/v2\/pages\/335\/revisions"}],"predecessor-version":[{"id":409,"href":"https:\/\/aureliedorleac.fr\/index.php\/wp-json\/wp\/v2\/pages\/335\/revisions\/409"}],"wp:featuredmedia":[{"embeddable":true,"href":"https:\/\/aureliedorleac.fr\/index.php\/wp-json\/wp\/v2\/media\/51"}],"wp:attachment":[{"href":"https:\/\/aureliedorleac.fr\/index.php\/wp-json\/wp\/v2\/media?parent=335"}],"curies":[{"name":"wp","href":"https:\/\/api.w.org\/{rel}","templated":true}]}}