{"id":416,"date":"2023-11-17T18:37:14","date_gmt":"2023-11-17T17:37:14","guid":{"rendered":"https:\/\/aureliedorleac.fr\/?page_id=416"},"modified":"2023-11-17T18:37:14","modified_gmt":"2023-11-17T17:37:14","slug":"la-maderotherapie","status":"publish","type":"page","link":"https:\/\/aureliedorleac.fr\/index.php\/la-maderotherapie\/","title":{"rendered":"La mad\u00e9roth\u00e9rapie"},"content":{"rendered":"\n<h2 class=\"wp-block-heading\">Son histoire et ses principes<\/h2>\n\n\n\n<div style=\"height:50px\" aria-hidden=\"true\" class=\"wp-block-spacer\"><\/div>\n\n\n\n<div class=\"wp-block-cover\" style=\"min-height:444px;aspect-ratio:unset;\"><span aria-hidden=\"true\" class=\"wp-block-cover__background has-background-dim\"><\/span><img loading=\"lazy\" decoding=\"async\" width=\"300\" height=\"168\" class=\"wp-block-cover__image-background wp-image-417\" alt=\"\" src=\"https:\/\/aureliedorleac.fr\/wp-content\/uploads\/2023\/11\/madero.jpeg\" data-object-fit=\"cover\" srcset=\"https:\/\/aureliedorleac.fr\/wp-content\/uploads\/2023\/11\/madero.jpeg 300w, https:\/\/aureliedorleac.fr\/wp-content\/uploads\/2023\/11\/madero-107x60.jpeg 107w\" sizes=\"auto, (max-width: 300px) 100vw, 300px\" \/><div class=\"wp-block-cover__inner-container is-layout-flow wp-block-cover-is-layout-flow\">\n<p>La Mad\u00e9roth\u00e9rapie, \u00e9galement appel\u00e9e \u201cTh\u00e9rapie du bois\u201d, est une technique de massage mill\u00e9naire d\u2019origine orientale qui allie des man\u0153uvres manuelles \u00e0 des outils en bois. Cette pratique ancestrale \u00e9tait utilis\u00e9e pour soulager les douleurs musculaires et favoriser une meilleure circulation \u00e9nerg\u00e9tique. Les bienfaits physiques et psychiques \u00e9taient reconnus par les orientaux depuis des si\u00e8cles.<\/p>\n\n\n\n<p>Les cliniciens colombiens sp\u00e9cialis\u00e9s dans les m\u00e9thodes naturelles, non invasives ont red\u00e9couvert ces outils dans les ann\u00e9es 90. Gr\u00e2ce \u00e0 leurs am\u00e9liorations apport\u00e9es aux outils en bois, notamment en ce qui concerne leur poids, leur forme anatomique et leur maniabilit\u00e9, la Mad\u00e9roth\u00e9rapie esth\u00e9tique a vu le jour. Les r\u00e9sultats visibles sur le corps et l\u2019esprit ont fait de la Mad\u00e9roth\u00e9rapie une technique holistique de renomm\u00e9e internationale.<\/p>\n<\/div><\/div>\n\n\n\n<div style=\"height:50px\" aria-hidden=\"true\" class=\"wp-block-spacer\"><\/div>\n\n\n\n<h2 class=\"wp-block-heading\">Comment se d\u00e9finit-elle?<\/h2>\n\n\n\n<div style=\"height:50px\" aria-hidden=\"true\" class=\"wp-block-spacer\"><\/div>\n\n\n\n<div class=\"wp-block-cover\"><span aria-hidden=\"true\" class=\"wp-block-cover__background has-background-dim\"><\/span><img loading=\"lazy\" decoding=\"async\" width=\"275\" height=\"183\" class=\"wp-block-cover__image-background wp-image-418\" alt=\"\" src=\"https:\/\/aureliedorleac.fr\/wp-content\/uploads\/2023\/11\/madero2.jpeg\" data-object-fit=\"cover\" srcset=\"https:\/\/aureliedorleac.fr\/wp-content\/uploads\/2023\/11\/madero2.jpeg 275w, https:\/\/aureliedorleac.fr\/wp-content\/uploads\/2023\/11\/madero2-90x60.jpeg 90w\" sizes=\"auto, (max-width: 275px) 100vw, 275px\" \/><div class=\"wp-block-cover__inner-container is-layout-flow wp-block-cover-is-layout-flow\">\n<p>La Mad\u00e9roth\u00e9rapie est un massage corporel intensif qui combine des techniques manuelles \u00e0 l\u2019utilisation d\u2019outils en bois. Cette technique vise \u00e0 relancer la circulation lymphatique et sanguine, tonifier les muscles, et rectifier la silhouette apr\u00e8s plusieurs s\u00e9ances. Les outils en bois utilis\u00e9s sont de diff\u00e9rentes tailles et formes, sp\u00e9cialement con\u00e7us pour s\u2019adapter \u00e0 toutes les zones du corps.<\/p>\n\n\n\n<p>Elle permet d\u2019am\u00e9liorer le r\u00e9seau lymphatique en aidant \u00e0 la r\u00e9partition des fluides du corps tout en stimulant en parall\u00e8le la circulation sanguine, r\u00e9duisant ainsi la cellulite. Les man\u0153uvres fermes et rapides, ainsi que les pompages ganglionnaires, permettent de retrouver un corps affin\u00e9 et d\u00e9gonfl\u00e9, avec un r\u00e9sultat impressionnant d\u00e8s la premi\u00e8re s\u00e9ance.<\/p>\n\n\n\n<p>Cette technique est tr\u00e8s utilis\u00e9e en esth\u00e9tique pour travailler sur des zones localis\u00e9es en agissant sur les muscles, la cellulite et les graisses profondes situ\u00e9es dans l\u2019hypoderme. Elle est \u00e9galement tr\u00e8s utilis\u00e9e en r\u00e9\u00e9ducation et en post-chirurgie esth\u00e9tique. Son utilit\u00e9 est \u00e9galement reconnue dans la gestion des toxines dans l&#8217;organisme indispensable pour regagner sant\u00e9 et vitalit\u00e9.<\/p>\n<\/div><\/div>\n\n\n\n<div style=\"height:50px\" aria-hidden=\"true\" class=\"wp-block-spacer\"><\/div>\n\n\n\n<h2 class=\"wp-block-heading\">Quels sont ses avantages et ses contre indications?<\/h2>\n\n\n\n<div style=\"height:50px\" aria-hidden=\"true\" class=\"wp-block-spacer\"><\/div>\n\n\n\n<div class=\"wp-block-cover\"><span aria-hidden=\"true\" class=\"wp-block-cover__background has-background-dim\"><\/span><img loading=\"lazy\" decoding=\"async\" width=\"275\" height=\"183\" class=\"wp-block-cover__image-background wp-image-419\" alt=\"\" src=\"https:\/\/aureliedorleac.fr\/wp-content\/uploads\/2023\/11\/madero3.jpeg\" data-object-fit=\"cover\" srcset=\"https:\/\/aureliedorleac.fr\/wp-content\/uploads\/2023\/11\/madero3.jpeg 275w, https:\/\/aureliedorleac.fr\/wp-content\/uploads\/2023\/11\/madero3-90x60.jpeg 90w\" sizes=\"auto, (max-width: 275px) 100vw, 275px\" \/><div class=\"wp-block-cover__inner-container is-layout-flow wp-block-cover-is-layout-flow\">\n<p>La Mad\u00e9roth\u00e9rapie est une technique de massage tr\u00e8s efficace qui offre plusieurs avantages pour le corps et l\u2019esprit. Voici quelques-uns de ces avantages :<\/p>\n\n\n\n<ul class=\"wp-block-list\">\n<li>Am\u00e9liore la circulation lymphatique et sanguine<\/li>\n\n\n\n<li>Tonifie les muscles <\/li>\n\n\n\n<li>R\u00e9duit la cellulite<\/li>\n\n\n\n<li>Affine le corps et le d\u00e9gonfle<\/li>\n\n\n\n<li>Stimule la circulation sanguine<\/li>\n\n\n\n<li>R\u00e9duit les douleurs musculaires<\/li>\n\n\n\n<li>Favorise une meilleure circulation \u00e9nerg\u00e9tique<\/li>\n\n\n\n<li>Soulage le stress et l\u2019anxi\u00e9t\u00e9<\/li>\n\n\n\n<li>Am\u00e9liore la qualit\u00e9 du sommeil<\/li>\n<\/ul>\n\n\n\n<p>En somme, la Mad\u00e9roth\u00e9rapie est une technique de massage qui allie tradition et modernit\u00e9 pour offrir une solution naturelle et efficace pour de nombreux probl\u00e8mes physiques et psychiques. Si vous cherchez une m\u00e9thode naturelle pour retrouver une silhouette affin\u00e9e et une peau plus belle, la Mad\u00e9roth\u00e9rapie est une option \u00e0 envisager.<\/p>\n\n\n\n<p>Cette technique de massage corporelle n\u2019est pas dangereuse pour la sant\u00e9.<\/p>\n\n\n\n<p>Elle peut entra\u00eener des effets secondaires que l\u2019on peut observer apr\u00e8s une s\u00e9ance :<\/p>\n\n\n\n<ul class=\"wp-block-list\">\n<li>Les courbatures : quelques heures apr\u00e8s une s\u00e9ance, il est possible de ressentir des courbatures. En g\u00e9n\u00e9ral, les courbatures ont lieu \u00e0 la suite du premier massage et tendent \u00e0 dispara\u00eetre au fil des s\u00e9ances.<\/li>\n\n\n\n<li>La fatigue : comme la plupart des massages drainants, vous pouvez ressentir une fatigue g\u00e9n\u00e9rale. Cela est d\u00fb \u00e0 l\u2019\u00e9limination des d\u00e9chets et des toxines accumul\u00e9es dans l\u2019organisme.<\/li>\n<\/ul>\n\n\n\n<p>Elle est contre-indiqu\u00e9e dans les cas suivants :<\/p>\n\n\n\n<ul class=\"wp-block-list\">\n<li>Probl\u00e8mes cardiaques<\/li>\n\n\n\n<li>Op\u00e9ration chirurgicale datant de moins d&#8217;1 an <\/li>\n\n\n\n<li>Hypertention art\u00e9rielle<\/li>\n\n\n\n<li>Probl\u00e8mes r\u00e9naux et dermatites<\/li>\n\n\n\n<li>Inflammation de la peau ou cicatrice r\u00e9cente<\/li>\n<\/ul>\n<\/div><\/div>\n","protected":false},"excerpt":{"rendered":"<p>Son histoire et ses principes Comment se d\u00e9finit-elle? Quels sont ses avantages et ses contre indications?<\/p>\n","protected":false},"author":1,"featured_media":51,"parent":0,"menu_order":0,"comment_status":"closed","ping_status":"closed","template":"","meta":{"footnotes":""},"class_list":["post-416","page","type-page","status-publish","has-post-thumbnail","hentry"],"_links":{"self":[{"href":"https:\/\/aureliedorleac.fr\/index.php\/wp-json\/wp\/v2\/pages\/416","targetHints":{"allow":["GET"]}}],"collection":[{"href":"https:\/\/aureliedorleac.fr\/index.php\/wp-json\/wp\/v2\/pages"}],"about":[{"href":"https:\/\/aureliedorleac.fr\/index.php\/wp-json\/wp\/v2\/types\/page"}],"author":[{"embeddable":true,"href":"https:\/\/aureliedorleac.fr\/index.php\/wp-json\/wp\/v2\/users\/1"}],"replies":[{"embeddable":true,"href":"https:\/\/aureliedorleac.fr\/index.php\/wp-json\/wp\/v2\/comments?post=416"}],"version-history":[{"count":1,"href":"https:\/\/aureliedorleac.fr\/index.php\/wp-json\/wp\/v2\/pages\/416\/revisions"}],"predecessor-version":[{"id":420,"href":"https:\/\/aureliedorleac.fr\/index.php\/wp-json\/wp\/v2\/pages\/416\/revisions\/420"}],"wp:featuredmedia":[{"embeddable":true,"href":"https:\/\/aureliedorleac.fr\/index.php\/wp-json\/wp\/v2\/media\/51"}],"wp:attachment":[{"href":"https:\/\/aureliedorleac.fr\/index.php\/wp-json\/wp\/v2\/media?parent=416"}],"curies":[{"name":"wp","href":"https:\/\/api.w.org\/{rel}","templated":true}]}}