{"id":421,"date":"2023-11-17T18:39:38","date_gmt":"2023-11-17T17:39:38","guid":{"rendered":"https:\/\/aureliedorleac.fr\/?page_id=421"},"modified":"2023-11-20T15:05:01","modified_gmt":"2023-11-20T14:05:01","slug":"les-prestations-et-tarifs","status":"publish","type":"page","link":"https:\/\/aureliedorleac.fr\/index.php\/les-prestations-et-tarifs\/","title":{"rendered":"Les prestations et tarifs"},"content":{"rendered":"\n<div style=\"height:50px\" aria-hidden=\"true\" class=\"wp-block-spacer\"><\/div>\n\n\n\n<h2 class=\"wp-block-heading\">La mad\u00e9roth\u00e9rapie<\/h2>\n\n\n\n<div class=\"wp-block-media-text is-stacked-on-mobile\" style=\"grid-template-columns:15% auto\"><figure class=\"wp-block-media-text__media\"><img loading=\"lazy\" decoding=\"async\" width=\"1024\" height=\"858\" src=\"https:\/\/aureliedorleac.fr\/wp-content\/uploads\/2023\/11\/fleche-1024x858.png\" alt=\"\" class=\"wp-image-427 size-full\" srcset=\"https:\/\/aureliedorleac.fr\/wp-content\/uploads\/2023\/11\/fleche-1024x858.png 1024w, https:\/\/aureliedorleac.fr\/wp-content\/uploads\/2023\/11\/fleche-300x251.png 300w, https:\/\/aureliedorleac.fr\/wp-content\/uploads\/2023\/11\/fleche-768x644.png 768w, https:\/\/aureliedorleac.fr\/wp-content\/uploads\/2023\/11\/fleche-72x60.png 72w, https:\/\/aureliedorleac.fr\/wp-content\/uploads\/2023\/11\/fleche.png 1175w\" sizes=\"auto, (max-width: 1024px) 100vw, 1024px\" \/><\/figure><div class=\"wp-block-media-text__content\">\n<p style=\"font-size:24px\"><strong>Visage et d\u00e9tente cr\u00e2nienne sur 45 mn 60\u20ac<\/strong><\/p>\n<\/div><\/div>\n\n\n\n<div class=\"wp-block-media-text is-stacked-on-mobile\" style=\"grid-template-columns:15% auto\"><figure class=\"wp-block-media-text__media\"><img loading=\"lazy\" decoding=\"async\" width=\"1024\" height=\"858\" src=\"https:\/\/aureliedorleac.fr\/wp-content\/uploads\/2023\/11\/fleche-1-1024x858.png\" alt=\"\" class=\"wp-image-428 size-full\" srcset=\"https:\/\/aureliedorleac.fr\/wp-content\/uploads\/2023\/11\/fleche-1-1024x858.png 1024w, https:\/\/aureliedorleac.fr\/wp-content\/uploads\/2023\/11\/fleche-1-300x251.png 300w, https:\/\/aureliedorleac.fr\/wp-content\/uploads\/2023\/11\/fleche-1-768x644.png 768w, https:\/\/aureliedorleac.fr\/wp-content\/uploads\/2023\/11\/fleche-1-72x60.png 72w, https:\/\/aureliedorleac.fr\/wp-content\/uploads\/2023\/11\/fleche-1.png 1175w\" sizes=\"auto, (max-width: 1024px) 100vw, 1024px\" \/><\/figure><div class=\"wp-block-media-text__content\">\n<p style=\"font-size:24px\"><strong>Bas du corps sur 50 mn 80\u20ac<\/strong><\/p>\n<\/div><\/div>\n\n\n\n<div class=\"wp-block-media-text is-stacked-on-mobile\" style=\"grid-template-columns:15% auto\"><figure class=\"wp-block-media-text__media\"><img loading=\"lazy\" decoding=\"async\" width=\"1024\" height=\"858\" src=\"https:\/\/aureliedorleac.fr\/wp-content\/uploads\/2023\/11\/fleche-2-1024x858.png\" alt=\"\" class=\"wp-image-429 size-full\" srcset=\"https:\/\/aureliedorleac.fr\/wp-content\/uploads\/2023\/11\/fleche-2-1024x858.png 1024w, https:\/\/aureliedorleac.fr\/wp-content\/uploads\/2023\/11\/fleche-2-300x251.png 300w, https:\/\/aureliedorleac.fr\/wp-content\/uploads\/2023\/11\/fleche-2-768x644.png 768w, https:\/\/aureliedorleac.fr\/wp-content\/uploads\/2023\/11\/fleche-2-72x60.png 72w, https:\/\/aureliedorleac.fr\/wp-content\/uploads\/2023\/11\/fleche-2.png 1175w\" sizes=\"auto, (max-width: 1024px) 100vw, 1024px\" \/><\/figure><div class=\"wp-block-media-text__content\">\n<p style=\"font-size:24px\"><strong>Ventre sur 45 mn 60\u20ac<\/strong><\/p>\n<\/div><\/div>\n\n\n\n<div class=\"wp-block-media-text is-stacked-on-mobile\" style=\"grid-template-columns:15% auto\"><figure class=\"wp-block-media-text__media\"><img loading=\"lazy\" decoding=\"async\" width=\"1024\" height=\"858\" src=\"https:\/\/aureliedorleac.fr\/wp-content\/uploads\/2023\/11\/fleche-3-1024x858.png\" alt=\"\" class=\"wp-image-430 size-full\" srcset=\"https:\/\/aureliedorleac.fr\/wp-content\/uploads\/2023\/11\/fleche-3-1024x858.png 1024w, https:\/\/aureliedorleac.fr\/wp-content\/uploads\/2023\/11\/fleche-3-300x251.png 300w, https:\/\/aureliedorleac.fr\/wp-content\/uploads\/2023\/11\/fleche-3-768x644.png 768w, https:\/\/aureliedorleac.fr\/wp-content\/uploads\/2023\/11\/fleche-3-72x60.png 72w, https:\/\/aureliedorleac.fr\/wp-content\/uploads\/2023\/11\/fleche-3.png 1175w\" sizes=\"auto, (max-width: 1024px) 100vw, 1024px\" \/><\/figure><div class=\"wp-block-media-text__content\">\n<p style=\"font-size:24px\"><strong>Bas du corps et ventre sur 1h00 100\u20ac<\/strong><\/p>\n<\/div><\/div>\n\n\n\n<div class=\"wp-block-media-text is-stacked-on-mobile\" style=\"grid-template-columns:15% auto\"><figure class=\"wp-block-media-text__media\"><img loading=\"lazy\" decoding=\"async\" width=\"1024\" height=\"858\" src=\"https:\/\/aureliedorleac.fr\/wp-content\/uploads\/2023\/11\/fleche-4-1024x858.png\" alt=\"\" class=\"wp-image-431 size-full\" srcset=\"https:\/\/aureliedorleac.fr\/wp-content\/uploads\/2023\/11\/fleche-4-1024x858.png 1024w, https:\/\/aureliedorleac.fr\/wp-content\/uploads\/2023\/11\/fleche-4-300x251.png 300w, https:\/\/aureliedorleac.fr\/wp-content\/uploads\/2023\/11\/fleche-4-768x644.png 768w, https:\/\/aureliedorleac.fr\/wp-content\/uploads\/2023\/11\/fleche-4-72x60.png 72w, https:\/\/aureliedorleac.fr\/wp-content\/uploads\/2023\/11\/fleche-4.png 1175w\" sizes=\"auto, (max-width: 1024px) 100vw, 1024px\" \/><\/figure><div class=\"wp-block-media-text__content\">\n<p style=\"font-size:24px\"><strong>Corps complet sur 1h15 120\u20ac<\/strong><\/p>\n<\/div><\/div>\n","protected":false},"excerpt":{"rendered":"<p>La mad\u00e9roth\u00e9rapie Visage et d\u00e9tente cr\u00e2nienne sur 45 mn 60\u20ac Bas du corps sur 50 mn 80\u20ac Ventre sur 45 mn 60\u20ac Bas du corps et ventre sur 1h00 100\u20ac Corps complet sur 1h15 120\u20ac<\/p>\n","protected":false},"author":1,"featured_media":51,"parent":0,"menu_order":0,"comment_status":"closed","ping_status":"closed","template":"","meta":{"footnotes":""},"class_list":["post-421","page","type-page","status-publish","has-post-thumbnail","hentry"],"_links":{"self":[{"href":"https:\/\/aureliedorleac.fr\/index.php\/wp-json\/wp\/v2\/pages\/421","targetHints":{"allow":["GET"]}}],"collection":[{"href":"https:\/\/aureliedorleac.fr\/index.php\/wp-json\/wp\/v2\/pages"}],"about":[{"href":"https:\/\/aureliedorleac.fr\/index.php\/wp-json\/wp\/v2\/types\/page"}],"author":[{"embeddable":true,"href":"https:\/\/aureliedorleac.fr\/index.php\/wp-json\/wp\/v2\/users\/1"}],"replies":[{"embeddable":true,"href":"https:\/\/aureliedorleac.fr\/index.php\/wp-json\/wp\/v2\/comments?post=421"}],"version-history":[{"count":6,"href":"https:\/\/aureliedorleac.fr\/index.php\/wp-json\/wp\/v2\/pages\/421\/revisions"}],"predecessor-version":[{"id":438,"href":"https:\/\/aureliedorleac.fr\/index.php\/wp-json\/wp\/v2\/pages\/421\/revisions\/438"}],"wp:featuredmedia":[{"embeddable":true,"href":"https:\/\/aureliedorleac.fr\/index.php\/wp-json\/wp\/v2\/media\/51"}],"wp:attachment":[{"href":"https:\/\/aureliedorleac.fr\/index.php\/wp-json\/wp\/v2\/media?parent=421"}],"curies":[{"name":"wp","href":"https:\/\/api.w.org\/{rel}","templated":true}]}}